{"id":10797,"date":"2022-02-05T20:49:38","date_gmt":"2022-02-05T19:49:38","guid":{"rendered":"https:\/\/college-willy-ronis.fr\/maths\/?page_id=10797"},"modified":"2022-02-05T22:29:01","modified_gmt":"2022-02-05T21:29:01","slug":"politique-de-confidentialite","status":"publish","type":"page","link":"https:\/\/college-willy-ronis.fr\/maths\/politique-de-confidentialite\/","title":{"rendered":"Politique de confidentialit\u00e9"},"content":{"rendered":"\t\t<div data-elementor-type=\"wp-page\" data-elementor-id=\"10797\" class=\"elementor elementor-10797\">\n\t\t\t\t\t\t\t\t\t<section class=\"elementor-section elementor-top-section elementor-element elementor-element-6ee558ac elementor-section-full_width elementor-section-height-default elementor-section-height-default\" data-id=\"6ee558ac\" data-element_type=\"section\" data-settings=\"{&quot;background_background&quot;:&quot;gradient&quot;,&quot;shape_divider_bottom&quot;:&quot;wave-brush&quot;}\">\n\t\t\t\t\t\t\t<div class=\"elementor-background-overlay\"><\/div>\n\t\t\t\t\t\t<div class=\"elementor-shape elementor-shape-bottom\" data-negative=\"false\">\n\t\t\t<svg xmlns=\"http:\/\/www.w3.org\/2000\/svg\" viewBox=\"0 0 283.5 27.8\" preserveAspectRatio=\"none\">\n\t<path class=\"elementor-shape-fill\" d=\"M283.5,9.7c0,0-7.3,4.3-14,4.6c-6.8,0.3-12.6,0-20.9-1.5c-11.3-2-33.1-10.1-44.7-5.7\ts-12.1,4.6-18,7.4c-6.6,3.2-20,9.6-36.6,9.3C131.6,23.5,99.5,7.2,86.3,8c-1.4,0.1-6.6,0.8-10.5,2c-3.8,1.2-9.4,3.8-17,4.7\tc-3.2,0.4-8.3,1.1-14.2,0.9c-1.5-0.1-6.3-0.4-12-1.6c-5.7-1.2-11-3.1-15.8-3.7C6.5,9.2,0,10.8,0,10.8V0h283.5V9.7z M260.8,11.3\tc-0.7-1-2-0.4-4.3-0.4c-2.3,0-6.1-1.2-5.8-1.1c0.3,0.1,3.1,1.5,6,1.9C259.7,12.2,261.4,12.3,260.8,11.3z M242.4,8.6\tc0,0-2.4-0.2-5.6-0.9c-3.2-0.8-10.3-2.8-15.1-3.5c-8.2-1.1-15.8,0-15.1,0.1c0.8,0.1,9.6-0.6,17.6,1.1c3.3,0.7,9.3,2.2,12.4,2.7\tC239.9,8.7,242.4,8.6,242.4,8.6z M185.2,8.5c1.7-0.7-13.3,4.7-18.5,6.1c-2.1,0.6-6.2,1.6-10,2c-3.9,0.4-8.9,0.4-8.8,0.5\tc0,0.2,5.8,0.8,11.2,0c5.4-0.8,5.2-1.1,7.6-1.6C170.5,14.7,183.5,9.2,185.2,8.5z M199.1,6.9c0.2,0-0.8-0.4-4.8,1.1\tc-4,1.5-6.7,3.5-6.9,3.7c-0.2,0.1,3.5-1.8,6.6-3C197,7.5,199,6.9,199.1,6.9z M283,6c-0.1,0.1-1.9,1.1-4.8,2.5s-6.9,2.8-6.7,2.7\tc0.2,0,3.5-0.6,7.4-2.5C282.8,6.8,283.1,5.9,283,6z M31.3,11.6c0.1-0.2-1.9-0.2-4.5-1.2s-5.4-1.6-7.8-2C15,7.6,7.3,8.5,7.7,8.6\tC8,8.7,15.9,8.3,20.2,9.3c2.2,0.5,2.4,0.5,5.7,1.6S31.2,11.9,31.3,11.6z M73,9.2c0.4-0.1,3.5-1.6,8.4-2.6c4.9-1.1,8.9-0.5,8.9-0.8\tc0-0.3-1-0.9-6.2-0.3S72.6,9.3,73,9.2z M71.6,6.7C71.8,6.8,75,5.4,77.3,5c2.3-0.3,1.9-0.5,1.9-0.6c0-0.1-1.1-0.2-2.7,0.2\tC74.8,5.1,71.4,6.6,71.6,6.7z M93.6,4.4c0.1,0.2,3.5,0.8,5.6,1.8c2.1,1,1.8,0.6,1.9,0.5c0.1-0.1-0.8-0.8-2.4-1.3\tC97.1,4.8,93.5,4.2,93.6,4.4z M65.4,11.1c-0.1,0.3,0.3,0.5,1.9-0.2s2.6-1.3,2.2-1.2s-0.9,0.4-2.5,0.8C65.3,10.9,65.5,10.8,65.4,11.1\tz M34.5,12.4c-0.2,0,2.1,0.8,3.3,0.9c1.2,0.1,2,0.1,2-0.2c0-0.3-0.1-0.5-1.6-0.4C36.6,12.8,34.7,12.4,34.5,12.4z M152.2,21.1\tc-0.1,0.1-2.4-0.3-7.5-0.3c-5,0-13.6-2.4-17.2-3.5c-3.6-1.1,10,3.9,16.5,4.1C150.5,21.6,152.3,21,152.2,21.1z\"\/>\n\t<path class=\"elementor-shape-fill\" d=\"M269.6,18c-0.1-0.1-4.6,0.3-7.2,0c-7.3-0.7-17-3.2-16.6-2.9c0.4,0.3,13.7,3.1,17,3.3\tC267.7,18.8,269.7,18,269.6,18z\"\/>\n\t<path class=\"elementor-shape-fill\" d=\"M227.4,9.8c-0.2-0.1-4.5-1-9.5-1.2c-5-0.2-12.7,0.6-12.3,0.5c0.3-0.1,5.9-1.8,13.3-1.2\tS227.6,9.9,227.4,9.8z\"\/>\n\t<path class=\"elementor-shape-fill\" d=\"M204.5,13.4c-0.1-0.1,2-1,3.2-1.1c1.2-0.1,2,0,2,0.3c0,0.3-0.1,0.5-1.6,0.4\tC206.4,12.9,204.6,13.5,204.5,13.4z\"\/>\n\t<path class=\"elementor-shape-fill\" d=\"M201,10.6c0-0.1-4.4,1.2-6.3,2.2c-1.9,0.9-6.2,3.1-6.1,3.1c0.1,0.1,4.2-1.6,6.3-2.6\tS201,10.7,201,10.6z\"\/>\n\t<path class=\"elementor-shape-fill\" d=\"M154.5,26.7c-0.1-0.1-4.6,0.3-7.2,0c-7.3-0.7-17-3.2-16.6-2.9c0.4,0.3,13.7,3.1,17,3.3\tC152.6,27.5,154.6,26.8,154.5,26.7z\"\/>\n\t<path class=\"elementor-shape-fill\" d=\"M41.9,19.3c0,0,1.2-0.3,2.9-0.1c1.7,0.2,5.8,0.9,8.2,0.7c4.2-0.4,7.4-2.7,7-2.6\tc-0.4,0-4.3,2.2-8.6,1.9c-1.8-0.1-5.1-0.5-6.7-0.4S41.9,19.3,41.9,19.3z\"\/>\n\t<path class=\"elementor-shape-fill\" d=\"M75.5,12.6c0.2,0.1,2-0.8,4.3-1.1c2.3-0.2,2.1-0.3,2.1-0.5c0-0.1-1.8-0.4-3.4,0\tC76.9,11.5,75.3,12.5,75.5,12.6z\"\/>\n\t<path class=\"elementor-shape-fill\" d=\"M15.6,13.2c0-0.1,4.3,0,6.7,0.5c2.4,0.5,5,1.9,5,2c0,0.1-2.7-0.8-5.1-1.4\tC19.9,13.7,15.7,13.3,15.6,13.2z\"\/>\n<\/svg>\t\t<\/div>\n\t\t\t\t\t<div class=\"elementor-container elementor-column-gap-default\">\n\t\t\t\t\t<div class=\"elementor-column elementor-col-100 elementor-top-column elementor-element elementor-element-18e7c8f8\" data-id=\"18e7c8f8\" data-element_type=\"column\">\n\t\t\t<div class=\"elementor-widget-wrap elementor-element-populated\">\n\t\t\t\t\t\t\t\t<div class=\"elementor-element elementor-element-6682dfa4 elementor-widget elementor-widget-heading\" data-id=\"6682dfa4\" data-element_type=\"widget\" data-widget_type=\"heading.default\">\n\t\t\t\t<div class=\"elementor-widget-container\">\n\t\t\t<h1 class=\"elementor-heading-title elementor-size-default\">Politique de confidentialit\u00e9<\/h1>\t\t<\/div>\n\t\t\t\t<\/div>\n\t\t\t\t<div class=\"elementor-element elementor-element-7e8ddfd4 elementor-widget elementor-widget-text-editor\" data-id=\"7e8ddfd4\" data-element_type=\"widget\" data-widget_type=\"text-editor.default\">\n\t\t\t\t<div class=\"elementor-widget-container\">\n\t\t\t\t\t\t\t\t\t\t\t\t\t<\/div>\n\t\t\t\t<\/div>\n\t\t\t\t\t<\/div>\n\t\t<\/div>\n\t\t\t\t\t\t\t<\/div>\n\t\t<\/section>\n\t\t\t\t<section class=\"elementor-section elementor-top-section elementor-element elementor-element-1f96a8c4 elementor-section-boxed elementor-section-height-default elementor-section-height-default\" data-id=\"1f96a8c4\" data-element_type=\"section\" data-settings=\"{&quot;background_background&quot;:&quot;classic&quot;}\">\n\t\t\t\t\t\t<div class=\"elementor-container elementor-column-gap-default\">\n\t\t\t\t\t<div class=\"elementor-column elementor-col-100 elementor-top-column elementor-element elementor-element-733fa000\" data-id=\"733fa000\" data-element_type=\"column\">\n\t\t\t<div class=\"elementor-widget-wrap elementor-element-populated\">\n\t\t\t\t\t\t\t\t<div class=\"elementor-element elementor-element-6f953813 elementor-widget elementor-widget-text-editor\" data-id=\"6f953813\" data-element_type=\"widget\" data-widget_type=\"text-editor.default\">\n\t\t\t\t<div class=\"elementor-widget-container\">\n\t\t\t\t\t\t\t<h3 id=\"introduction\">Introduction<\/h3>\r\nLe coll\u00e8ge Willy Ronis situ\u00e9 au 19 rue de Musselburgh 94500 Champigny-sur-Marne, est amen\u00e9 \u00e0 collecter et \u00e0 traiter des informations dont certaines sont qualifi\u00e9es de \u00ab\u00a0donn\u00e9es personnelles\u00a0\u00bb. Le coll\u00e8ge Willy Ronis attache une grande importance au respect de la vie priv\u00e9e, et n\u2019utilise que des donnes de mani\u00e8re responsable et confidentielle et dans une finalit\u00e9 pr\u00e9cise.\r\n<h3 id=\"donn-es-personnelles\">Donn\u00e9es personnelles<\/h3>\r\nSur le site web https:\/\/college-willy-ronis.fr\/maths, il y a 2 types de donn\u00e9es susceptibles d\u2019\u00eatre recueillies :\r\n<ul>\r\n \t<li><strong>Les donn\u00e9es transmises directement<\/strong>\r\nCes donn\u00e9es sont celles que vous nous transmettez directement, via un formulaire de contact ou bien par contact direct par email. Sont obligatoires dans le formulaire de contact le champs \u00ab pr\u00e9nom et nom \u00bb et \u00ab email \u00bb.<\/li>\r\n \t<li><strong>Les donn\u00e9es collect\u00e9es automatiquement<\/strong>\r\nLors de vos visites, une fois votre consentement donn\u00e9, nous pouvons recueillir des informations de type \u00ab web analytics \u00bb relatives \u00e0 votre navigation, la dur\u00e9e de votre consultation, votre adresse IP, votre type et version de navigateur. La technologie utilis\u00e9e est le cookie.<\/li>\r\n<\/ul>\r\n<h3 id=\"utilisation-des-donn-es\">Utilisation des donn\u00e9es<\/h3>\r\nLes donn\u00e9es que vous nous transmettez directement sont utilis\u00e9es dans le but de vous recontacter et\/ou dans le cadre de la demande que vous nous faites. Les donn\u00e9es \u00ab web analytics \u00bb sont collect\u00e9es de forme anonyme (en enregistrant des adresses IP anonymes) par Google Analytics, et nous permettent de mesurer l&rsquo;audience de notre site web, les consultations et les \u00e9ventuelles erreurs afin d\u2019am\u00e9liorer constamment l\u2019exp\u00e9rience des utilisateurs. Ces donn\u00e9es ne seront jamais c\u00e9d\u00e9es \u00e0 un tiers ni utilis\u00e9es \u00e0 d\u2019autres fins que celles d\u00e9taill\u00e9es ci-dessus.\r\n<h3 id=\"base-l-gale\">Base l\u00e9gale<\/h3>\r\nLes donn\u00e9es personnelles ne sont collect\u00e9es qu\u2019apr\u00e8s consentement obligatoire de l\u2019utilisateur. Ce consentement est valablement recueilli (boutons et cases \u00e0 cocher), libre, clair et sans \u00e9quivoque.\r\n<h3 id=\"cookies\">Cookies<\/h3>\r\nNous avons recours \u00e0 des cookies et \u00e0 d\u2019autres technologies de suivi similaires pour effectuer un suivi des activit\u00e9s effectu\u00e9es dans notre Service, et nous conservons certaines informations.\r\n\r\nLes cookies sont des fichiers \u00e0 faible volume de donn\u00e9es pouvant comporter un identifiant unique anonyme. Les cookies sont envoy\u00e9s \u00e0 votre navigateur depuis un site web et sont stock\u00e9s sur votre dispositif. D\u2019autres technologies de suivi telles que les pixels, les balises et les scripts sont \u00e9galement utilis\u00e9es pour recueillir et suivre des informations et afin d\u2019am\u00e9liorer et d\u2019analyser notre Service.\r\n\r\nVous pouvez demander \u00e0 votre navigateur de refuser tous les cookies ou de vous avertir lorsqu\u2019un cookie est envoy\u00e9. Toutefois, si vous n\u2019acceptez pas les cookies, il se peut que vous ne puissiez pas utiliser certains \u00e9l\u00e9ments de notre Service.\r\n\r\nExemples de cookies que nous utilisons :\r\n<ul>\r\n \t<li>Cookies de Session. Nous utilisons des Cookies de Session pour faire fonctionner notre Service.<\/li>\r\n \t<li>Cookies de Pr\u00e9f\u00e9rences. Nous utilisons des Cookies de Pr\u00e9f\u00e9rences pour m\u00e9moriser vos pr\u00e9f\u00e9rences et vos diff\u00e9rents param\u00e8tres.<\/li>\r\n<\/ul>\r\n<h3 id=\"vos-droits-concernant-les-donn-es-personnelles\">Vos droits concernant les donn\u00e9es personnelles<\/h3>\r\nVous avez le droit de consultation, demande de modification ou d\u2019effacement sur l\u2019ensemble de vos donn\u00e9es personnelles. Vous pouvez \u00e9galement retirer votre consentement au traitement de vos donn\u00e9es.\r\n<h3 id=\"dur-e-de-conservation\">Dur\u00e9e de conservation<\/h3>\r\nLes donn\u00e9es seront sauvegard\u00e9es durant une dur\u00e9e maximale de 3 ans.\r\n<h3 id=\"contact-d-l-gu-la-protection-des-donn-es\">Contact d\u00e9l\u00e9gu\u00e9 \u00e0 la protection des donn\u00e9es<\/h3>\r\n<a href=\"mailto:bruno@buddyweb.fr\">eric_moisan@orange.fr<\/a>\t\t\t\t\t\t<\/div>\n\t\t\t\t<\/div>\n\t\t\t\t\t<\/div>\n\t\t<\/div>\n\t\t\t\t\t\t\t<\/div>\n\t\t<\/section>\n\t\t\t\t<section class=\"elementor-section elementor-top-section elementor-element elementor-element-5ec2d84 elementor-section-boxed elementor-section-height-default elementor-section-height-default\" data-id=\"5ec2d84\" data-element_type=\"section\">\n\t\t\t\t\t\t<div class=\"elementor-container elementor-column-gap-default\">\n\t\t\t\t\t<div class=\"elementor-column elementor-col-100 elementor-top-column elementor-element elementor-element-ebf0722\" data-id=\"ebf0722\" data-element_type=\"column\">\n\t\t\t<div class=\"elementor-widget-wrap elementor-element-populated\">\n\t\t\t\t\t\t\t\t<div class=\"elementor-element elementor-element-b18c0d3 elementor-widget elementor-widget-spacer\" data-id=\"b18c0d3\" data-element_type=\"widget\" data-widget_type=\"spacer.default\">\n\t\t\t\t<div class=\"elementor-widget-container\">\n\t\t\t\t\t<div class=\"elementor-spacer\">\n\t\t\t<div class=\"elementor-spacer-inner\"><\/div>\n\t\t<\/div>\n\t\t\t\t<\/div>\n\t\t\t\t<\/div>\n\t\t\t\t\t<\/div>\n\t\t<\/div>\n\t\t\t\t\t\t\t<\/div>\n\t\t<\/section>\n\t\t\t\t\t\t\t<\/div>\n\t\t","protected":false},"excerpt":{"rendered":"<p>Politique de confidentialit\u00e9 Introduction Le coll\u00e8ge Willy Ronis situ\u00e9 au 19 rue de Musselburgh 94500 Champigny-sur-Marne, est amen\u00e9 \u00e0 collecter et \u00e0 traiter des informations dont certaines sont qualifi\u00e9es de \u00ab\u00a0donn\u00e9es personnelles\u00a0\u00bb. Le coll\u00e8ge Willy Ronis attache une grande importance au respect de la vie priv\u00e9e, et n\u2019utilise que des donnes de mani\u00e8re responsable et [&hellip;]<\/p>\n","protected":false},"author":7440,"featured_media":0,"parent":0,"menu_order":0,"comment_status":"closed","ping_status":"closed","template":"","meta":{"_monsterinsights_skip_tracking":false,"_monsterinsights_sitenote_active":false,"_monsterinsights_sitenote_note":"","_monsterinsights_sitenote_category":0,"site-sidebar-layout":"no-sidebar","site-content-layout":"page-builder","ast-site-content-layout":"","site-content-style":"default","site-sidebar-style":"default","ast-global-header-display":"","ast-banner-title-visibility":"","ast-main-header-display":"","ast-hfb-above-header-display":"","ast-hfb-below-header-display":"","ast-hfb-mobile-header-display":"","site-post-title":"disabled","ast-breadcrumbs-content":"","ast-featured-img":"disabled","footer-sml-layout":"","theme-transparent-header-meta":"","adv-header-id-meta":"","stick-header-meta":"","header-above-stick-meta":"","header-main-stick-meta":"","header-below-stick-meta":"","astra-migrate-meta-layouts":"default","ast-page-background-enabled":"default","ast-page-background-meta":{"desktop":{"background-color":"","background-image":"","background-repeat":"repeat","background-position":"center center","background-size":"auto","background-attachment":"scroll","background-type":"","background-media":"","overlay-type":"","overlay-color":"","overlay-opacity":"","overlay-gradient":""},"tablet":{"background-color":"","background-image":"","background-repeat":"repeat","background-position":"center center","background-size":"auto","background-attachment":"scroll","background-type":"","background-media":"","overlay-type":"","overlay-color":"","overlay-opacity":"","overlay-gradient":""},"mobile":{"background-color":"","background-image":"","background-repeat":"repeat","background-position":"center center","background-size":"auto","background-attachment":"scroll","background-type":"","background-media":"","overlay-type":"","overlay-color":"","overlay-opacity":"","overlay-gradient":""}},"ast-content-background-meta":{"desktop":{"background-color":"var(--ast-global-color-5)","background-image":"","background-repeat":"repeat","background-position":"center center","background-size":"auto","background-attachment":"scroll","background-type":"","background-media":"","overlay-type":"","overlay-color":"","overlay-opacity":"","overlay-gradient":""},"tablet":{"background-color":"var(--ast-global-color-5)","background-image":"","background-repeat":"repeat","background-position":"center center","background-size":"auto","background-attachment":"scroll","background-type":"","background-media":"","overlay-type":"","overlay-color":"","overlay-opacity":"","overlay-gradient":""},"mobile":{"background-color":"var(--ast-global-color-5)","background-image":"","background-repeat":"repeat","background-position":"center center","background-size":"auto","background-attachment":"scroll","background-type":"","background-media":"","overlay-type":"","overlay-color":"","overlay-opacity":"","overlay-gradient":""}},"footnotes":""},"class_list":["post-10797","page","type-page","status-publish","hentry"],"yoast_head":"<!-- This site is optimized with the Yoast SEO plugin v24.2 - https:\/\/yoast.com\/wordpress\/plugins\/seo\/ -->\n<title>Politique de confidentialit\u00e9 - Math\u00e9matiques au coll\u00e8ge Willy Ronis<\/title>\n<meta name=\"robots\" content=\"index, follow, max-snippet:-1, max-image-preview:large, max-video-preview:-1\" \/>\n<link rel=\"canonical\" href=\"https:\/\/college-willy-ronis.fr\/maths\/politique-de-confidentialite\/\" \/>\n<meta property=\"og:locale\" content=\"fr_FR\" \/>\n<meta property=\"og:type\" content=\"article\" \/>\n<meta property=\"og:title\" content=\"Politique de confidentialit\u00e9 - Math\u00e9matiques au coll\u00e8ge Willy Ronis\" \/>\n<meta property=\"og:description\" content=\"Politique de confidentialit\u00e9 Introduction Le coll\u00e8ge Willy Ronis situ\u00e9 au 19 rue de Musselburgh 94500 Champigny-sur-Marne, est amen\u00e9 \u00e0 collecter et \u00e0 traiter des informations dont certaines sont qualifi\u00e9es de \u00ab\u00a0donn\u00e9es personnelles\u00a0\u00bb. Le coll\u00e8ge Willy Ronis attache une grande importance au respect de la vie priv\u00e9e, et n\u2019utilise que des donnes de mani\u00e8re responsable et [&hellip;]\" \/>\n<meta property=\"og:url\" content=\"https:\/\/college-willy-ronis.fr\/maths\/politique-de-confidentialite\/\" \/>\n<meta property=\"og:site_name\" content=\"Math\u00e9matiques au coll\u00e8ge Willy Ronis\" \/>\n<meta property=\"article:modified_time\" content=\"2022-02-05T21:29:01+00:00\" \/>\n<meta name=\"twitter:card\" content=\"summary_large_image\" \/>\n<meta name=\"twitter:label1\" content=\"Dur\u00e9e de lecture estim\u00e9e\" \/>\n\t<meta name=\"twitter:data1\" content=\"3 minutes\" \/>\n<script type=\"application\/ld+json\" class=\"yoast-schema-graph\">{\"@context\":\"https:\/\/schema.org\",\"@graph\":[{\"@type\":\"WebPage\",\"@id\":\"https:\/\/college-willy-ronis.fr\/maths\/politique-de-confidentialite\/\",\"url\":\"https:\/\/college-willy-ronis.fr\/maths\/politique-de-confidentialite\/\",\"name\":\"Politique de confidentialit\u00e9 - Math\u00e9matiques au coll\u00e8ge Willy Ronis\",\"isPartOf\":{\"@id\":\"https:\/\/college-willy-ronis.fr\/maths\/#website\"},\"datePublished\":\"2022-02-05T19:49:38+00:00\",\"dateModified\":\"2022-02-05T21:29:01+00:00\",\"breadcrumb\":{\"@id\":\"https:\/\/college-willy-ronis.fr\/maths\/politique-de-confidentialite\/#breadcrumb\"},\"inLanguage\":\"fr-FR\",\"potentialAction\":[{\"@type\":\"ReadAction\",\"target\":[\"https:\/\/college-willy-ronis.fr\/maths\/politique-de-confidentialite\/\"]}]},{\"@type\":\"BreadcrumbList\",\"@id\":\"https:\/\/college-willy-ronis.fr\/maths\/politique-de-confidentialite\/#breadcrumb\",\"itemListElement\":[{\"@type\":\"ListItem\",\"position\":1,\"name\":\"Accueil\",\"item\":\"https:\/\/college-willy-ronis.fr\/maths\/\"},{\"@type\":\"ListItem\",\"position\":2,\"name\":\"Politique de confidentialit\u00e9\"}]},{\"@type\":\"WebSite\",\"@id\":\"https:\/\/college-willy-ronis.fr\/maths\/#website\",\"url\":\"https:\/\/college-willy-ronis.fr\/maths\/\",\"name\":\"Math\u00e9matiques au coll\u00e8ge Willy Ronis\",\"description\":\"Cours et exercices corrig\u00e9s de math\u00e9matiques de la 6\u00e8me \u00e0 la 3\u00e8me, sujets de brevet, cartes mentales et activit\u00e9s.\",\"potentialAction\":[{\"@type\":\"SearchAction\",\"target\":{\"@type\":\"EntryPoint\",\"urlTemplate\":\"https:\/\/college-willy-ronis.fr\/maths\/?s={search_term_string}\"},\"query-input\":{\"@type\":\"PropertyValueSpecification\",\"valueRequired\":true,\"valueName\":\"search_term_string\"}}],\"inLanguage\":\"fr-FR\"}]}<\/script>\n<!-- \/ Yoast SEO plugin. -->","yoast_head_json":{"title":"Politique de confidentialit\u00e9 - Math\u00e9matiques au coll\u00e8ge Willy Ronis","robots":{"index":"index","follow":"follow","max-snippet":"max-snippet:-1","max-image-preview":"max-image-preview:large","max-video-preview":"max-video-preview:-1"},"canonical":"https:\/\/college-willy-ronis.fr\/maths\/politique-de-confidentialite\/","og_locale":"fr_FR","og_type":"article","og_title":"Politique de confidentialit\u00e9 - Math\u00e9matiques au coll\u00e8ge Willy Ronis","og_description":"Politique de confidentialit\u00e9 Introduction Le coll\u00e8ge Willy Ronis situ\u00e9 au 19 rue de Musselburgh 94500 Champigny-sur-Marne, est amen\u00e9 \u00e0 collecter et \u00e0 traiter des informations dont certaines sont qualifi\u00e9es de \u00ab\u00a0donn\u00e9es personnelles\u00a0\u00bb. Le coll\u00e8ge Willy Ronis attache une grande importance au respect de la vie priv\u00e9e, et n\u2019utilise que des donnes de mani\u00e8re responsable et [&hellip;]","og_url":"https:\/\/college-willy-ronis.fr\/maths\/politique-de-confidentialite\/","og_site_name":"Math\u00e9matiques au coll\u00e8ge Willy Ronis","article_modified_time":"2022-02-05T21:29:01+00:00","twitter_card":"summary_large_image","twitter_misc":{"Dur\u00e9e de lecture estim\u00e9e":"3 minutes"},"schema":{"@context":"https:\/\/schema.org","@graph":[{"@type":"WebPage","@id":"https:\/\/college-willy-ronis.fr\/maths\/politique-de-confidentialite\/","url":"https:\/\/college-willy-ronis.fr\/maths\/politique-de-confidentialite\/","name":"Politique de confidentialit\u00e9 - Math\u00e9matiques au coll\u00e8ge Willy Ronis","isPartOf":{"@id":"https:\/\/college-willy-ronis.fr\/maths\/#website"},"datePublished":"2022-02-05T19:49:38+00:00","dateModified":"2022-02-05T21:29:01+00:00","breadcrumb":{"@id":"https:\/\/college-willy-ronis.fr\/maths\/politique-de-confidentialite\/#breadcrumb"},"inLanguage":"fr-FR","potentialAction":[{"@type":"ReadAction","target":["https:\/\/college-willy-ronis.fr\/maths\/politique-de-confidentialite\/"]}]},{"@type":"BreadcrumbList","@id":"https:\/\/college-willy-ronis.fr\/maths\/politique-de-confidentialite\/#breadcrumb","itemListElement":[{"@type":"ListItem","position":1,"name":"Accueil","item":"https:\/\/college-willy-ronis.fr\/maths\/"},{"@type":"ListItem","position":2,"name":"Politique de confidentialit\u00e9"}]},{"@type":"WebSite","@id":"https:\/\/college-willy-ronis.fr\/maths\/#website","url":"https:\/\/college-willy-ronis.fr\/maths\/","name":"Math\u00e9matiques au coll\u00e8ge Willy Ronis","description":"Cours et exercices corrig\u00e9s de math\u00e9matiques de la 6\u00e8me \u00e0 la 3\u00e8me, sujets de brevet, cartes mentales et activit\u00e9s.","potentialAction":[{"@type":"SearchAction","target":{"@type":"EntryPoint","urlTemplate":"https:\/\/college-willy-ronis.fr\/maths\/?s={search_term_string}"},"query-input":{"@type":"PropertyValueSpecification","valueRequired":true,"valueName":"search_term_string"}}],"inLanguage":"fr-FR"}]}},"_links":{"self":[{"href":"https:\/\/college-willy-ronis.fr\/maths\/wp-json\/wp\/v2\/pages\/10797","targetHints":{"allow":["GET"]}}],"collection":[{"href":"https:\/\/college-willy-ronis.fr\/maths\/wp-json\/wp\/v2\/pages"}],"about":[{"href":"https:\/\/college-willy-ronis.fr\/maths\/wp-json\/wp\/v2\/types\/page"}],"author":[{"embeddable":true,"href":"https:\/\/college-willy-ronis.fr\/maths\/wp-json\/wp\/v2\/users\/7440"}],"replies":[{"embeddable":true,"href":"https:\/\/college-willy-ronis.fr\/maths\/wp-json\/wp\/v2\/comments?post=10797"}],"version-history":[{"count":0,"href":"https:\/\/college-willy-ronis.fr\/maths\/wp-json\/wp\/v2\/pages\/10797\/revisions"}],"wp:attachment":[{"href":"https:\/\/college-willy-ronis.fr\/maths\/wp-json\/wp\/v2\/media?parent=10797"}],"curies":[{"name":"wp","href":"https:\/\/api.w.org\/{rel}","templated":true}]}}