{"id":8890,"date":"2020-10-25T13:49:47","date_gmt":"2020-10-25T12:49:47","guid":{"rendered":"https:\/\/college-willy-ronis.fr\/maths\/?page_id=8890"},"modified":"2024-05-30T21:52:12","modified_gmt":"2024-05-30T19:52:12","slug":"evaluations-et-dm-de-6eme-2","status":"publish","type":"page","link":"https:\/\/college-willy-ronis.fr\/maths\/evaluations-et-dm-de-6eme-2\/","title":{"rendered":"\u00c9valuations et DM de 6\u00e8me"},"content":{"rendered":"\t\t<div data-elementor-type=\"wp-page\" data-elementor-id=\"8890\" class=\"elementor elementor-8890\">\n\t\t\t\t\t\t\t\t\t<section class=\"elementor-section elementor-top-section elementor-element elementor-element-27fd9216 elementor-section-full_width elementor-section-height-default elementor-section-height-default\" data-id=\"27fd9216\" data-element_type=\"section\" data-settings=\"{&quot;background_background&quot;:&quot;gradient&quot;,&quot;shape_divider_bottom&quot;:&quot;wave-brush&quot;}\">\n\t\t\t\t\t\t\t<div class=\"elementor-background-overlay\"><\/div>\n\t\t\t\t\t\t<div class=\"elementor-shape elementor-shape-bottom\" data-negative=\"false\">\n\t\t\t<svg xmlns=\"http:\/\/www.w3.org\/2000\/svg\" viewBox=\"0 0 283.5 27.8\" preserveAspectRatio=\"none\">\n\t<path class=\"elementor-shape-fill\" d=\"M283.5,9.7c0,0-7.3,4.3-14,4.6c-6.8,0.3-12.6,0-20.9-1.5c-11.3-2-33.1-10.1-44.7-5.7\ts-12.1,4.6-18,7.4c-6.6,3.2-20,9.6-36.6,9.3C131.6,23.5,99.5,7.2,86.3,8c-1.4,0.1-6.6,0.8-10.5,2c-3.8,1.2-9.4,3.8-17,4.7\tc-3.2,0.4-8.3,1.1-14.2,0.9c-1.5-0.1-6.3-0.4-12-1.6c-5.7-1.2-11-3.1-15.8-3.7C6.5,9.2,0,10.8,0,10.8V0h283.5V9.7z M260.8,11.3\tc-0.7-1-2-0.4-4.3-0.4c-2.3,0-6.1-1.2-5.8-1.1c0.3,0.1,3.1,1.5,6,1.9C259.7,12.2,261.4,12.3,260.8,11.3z M242.4,8.6\tc0,0-2.4-0.2-5.6-0.9c-3.2-0.8-10.3-2.8-15.1-3.5c-8.2-1.1-15.8,0-15.1,0.1c0.8,0.1,9.6-0.6,17.6,1.1c3.3,0.7,9.3,2.2,12.4,2.7\tC239.9,8.7,242.4,8.6,242.4,8.6z M185.2,8.5c1.7-0.7-13.3,4.7-18.5,6.1c-2.1,0.6-6.2,1.6-10,2c-3.9,0.4-8.9,0.4-8.8,0.5\tc0,0.2,5.8,0.8,11.2,0c5.4-0.8,5.2-1.1,7.6-1.6C170.5,14.7,183.5,9.2,185.2,8.5z M199.1,6.9c0.2,0-0.8-0.4-4.8,1.1\tc-4,1.5-6.7,3.5-6.9,3.7c-0.2,0.1,3.5-1.8,6.6-3C197,7.5,199,6.9,199.1,6.9z M283,6c-0.1,0.1-1.9,1.1-4.8,2.5s-6.9,2.8-6.7,2.7\tc0.2,0,3.5-0.6,7.4-2.5C282.8,6.8,283.1,5.9,283,6z M31.3,11.6c0.1-0.2-1.9-0.2-4.5-1.2s-5.4-1.6-7.8-2C15,7.6,7.3,8.5,7.7,8.6\tC8,8.7,15.9,8.3,20.2,9.3c2.2,0.5,2.4,0.5,5.7,1.6S31.2,11.9,31.3,11.6z M73,9.2c0.4-0.1,3.5-1.6,8.4-2.6c4.9-1.1,8.9-0.5,8.9-0.8\tc0-0.3-1-0.9-6.2-0.3S72.6,9.3,73,9.2z M71.6,6.7C71.8,6.8,75,5.4,77.3,5c2.3-0.3,1.9-0.5,1.9-0.6c0-0.1-1.1-0.2-2.7,0.2\tC74.8,5.1,71.4,6.6,71.6,6.7z M93.6,4.4c0.1,0.2,3.5,0.8,5.6,1.8c2.1,1,1.8,0.6,1.9,0.5c0.1-0.1-0.8-0.8-2.4-1.3\tC97.1,4.8,93.5,4.2,93.6,4.4z M65.4,11.1c-0.1,0.3,0.3,0.5,1.9-0.2s2.6-1.3,2.2-1.2s-0.9,0.4-2.5,0.8C65.3,10.9,65.5,10.8,65.4,11.1\tz M34.5,12.4c-0.2,0,2.1,0.8,3.3,0.9c1.2,0.1,2,0.1,2-0.2c0-0.3-0.1-0.5-1.6-0.4C36.6,12.8,34.7,12.4,34.5,12.4z M152.2,21.1\tc-0.1,0.1-2.4-0.3-7.5-0.3c-5,0-13.6-2.4-17.2-3.5c-3.6-1.1,10,3.9,16.5,4.1C150.5,21.6,152.3,21,152.2,21.1z\"\/>\n\t<path class=\"elementor-shape-fill\" d=\"M269.6,18c-0.1-0.1-4.6,0.3-7.2,0c-7.3-0.7-17-3.2-16.6-2.9c0.4,0.3,13.7,3.1,17,3.3\tC267.7,18.8,269.7,18,269.6,18z\"\/>\n\t<path class=\"elementor-shape-fill\" d=\"M227.4,9.8c-0.2-0.1-4.5-1-9.5-1.2c-5-0.2-12.7,0.6-12.3,0.5c0.3-0.1,5.9-1.8,13.3-1.2\tS227.6,9.9,227.4,9.8z\"\/>\n\t<path class=\"elementor-shape-fill\" d=\"M204.5,13.4c-0.1-0.1,2-1,3.2-1.1c1.2-0.1,2,0,2,0.3c0,0.3-0.1,0.5-1.6,0.4\tC206.4,12.9,204.6,13.5,204.5,13.4z\"\/>\n\t<path class=\"elementor-shape-fill\" d=\"M201,10.6c0-0.1-4.4,1.2-6.3,2.2c-1.9,0.9-6.2,3.1-6.1,3.1c0.1,0.1,4.2-1.6,6.3-2.6\tS201,10.7,201,10.6z\"\/>\n\t<path class=\"elementor-shape-fill\" d=\"M154.5,26.7c-0.1-0.1-4.6,0.3-7.2,0c-7.3-0.7-17-3.2-16.6-2.9c0.4,0.3,13.7,3.1,17,3.3\tC152.6,27.5,154.6,26.8,154.5,26.7z\"\/>\n\t<path class=\"elementor-shape-fill\" d=\"M41.9,19.3c0,0,1.2-0.3,2.9-0.1c1.7,0.2,5.8,0.9,8.2,0.7c4.2-0.4,7.4-2.7,7-2.6\tc-0.4,0-4.3,2.2-8.6,1.9c-1.8-0.1-5.1-0.5-6.7-0.4S41.9,19.3,41.9,19.3z\"\/>\n\t<path class=\"elementor-shape-fill\" d=\"M75.5,12.6c0.2,0.1,2-0.8,4.3-1.1c2.3-0.2,2.1-0.3,2.1-0.5c0-0.1-1.8-0.4-3.4,0\tC76.9,11.5,75.3,12.5,75.5,12.6z\"\/>\n\t<path class=\"elementor-shape-fill\" d=\"M15.6,13.2c0-0.1,4.3,0,6.7,0.5c2.4,0.5,5,1.9,5,2c0,0.1-2.7-0.8-5.1-1.4\tC19.9,13.7,15.7,13.3,15.6,13.2z\"\/>\n<\/svg>\t\t<\/div>\n\t\t\t\t\t<div class=\"elementor-container elementor-column-gap-default\">\n\t\t\t\t\t<div class=\"elementor-column elementor-col-50 elementor-top-column elementor-element elementor-element-6557c952\" data-id=\"6557c952\" data-element_type=\"column\">\n\t\t\t<div class=\"elementor-widget-wrap elementor-element-populated\">\n\t\t\t\t\t\t\t\t<div class=\"elementor-element elementor-element-53179d5c elementor-widget elementor-widget-heading\" data-id=\"53179d5c\" data-element_type=\"widget\" data-widget_type=\"heading.default\">\n\t\t\t\t<div class=\"elementor-widget-container\">\n\t\t\t<h2 class=\"elementor-heading-title elementor-size-default\">6\u00e8me<\/h2>\t\t<\/div>\n\t\t\t\t<\/div>\n\t\t\t\t<div class=\"elementor-element elementor-element-5ba50060 elementor-widget elementor-widget-heading\" data-id=\"5ba50060\" data-element_type=\"widget\" data-widget_type=\"heading.default\">\n\t\t\t\t<div class=\"elementor-widget-container\">\n\t\t\t<h1 class=\"elementor-heading-title elementor-size-default\">Evaluations et devoirs \u00e0 la maison <\/h1>\t\t<\/div>\n\t\t\t\t<\/div>\n\t\t\t\t<div class=\"elementor-element elementor-element-16bb76bb elementor-widget elementor-widget-text-editor\" data-id=\"16bb76bb\" data-element_type=\"widget\" data-widget_type=\"text-editor.default\">\n\t\t\t\t<div class=\"elementor-widget-container\">\n\t\t\t\t\t\t\t\t\t\t\t\t\t<\/div>\n\t\t\t\t<\/div>\n\t\t\t\t\t<\/div>\n\t\t<\/div>\n\t\t\t\t<div class=\"elementor-column elementor-col-50 elementor-top-column elementor-element elementor-element-7eaa826f\" data-id=\"7eaa826f\" data-element_type=\"column\">\n\t\t\t<div class=\"elementor-widget-wrap elementor-element-populated\">\n\t\t\t\t\t\t\t\t<div class=\"elementor-element elementor-element-3585fd30 elementor-widget elementor-widget-image\" data-id=\"3585fd30\" data-element_type=\"widget\" data-widget_type=\"image.default\">\n\t\t\t\t<div class=\"elementor-widget-container\">\n\t\t\t\t\t\t\t\t\t\t\t\t\t\t\t<img loading=\"lazy\" decoding=\"async\" width=\"300\" height=\"300\" src=\"https:\/\/college-willy-ronis.fr\/maths\/wp-content\/uploads\/2022\/02\/eleve-300x300.png\" class=\"attachment-medium size-medium wp-image-10630\" alt=\"cours de 6\u00e8me\" srcset=\"https:\/\/college-willy-ronis.fr\/maths\/wp-content\/uploads\/2022\/02\/eleve-300x300.png 300w, https:\/\/college-willy-ronis.fr\/maths\/wp-content\/uploads\/2022\/02\/eleve-150x150.png 150w, https:\/\/college-willy-ronis.fr\/maths\/wp-content\/uploads\/2022\/02\/eleve-768x768.png 768w, https:\/\/college-willy-ronis.fr\/maths\/wp-content\/uploads\/2022\/02\/eleve.png 912w\" sizes=\"auto, (max-width: 300px) 100vw, 300px\" \/>\t\t\t\t\t\t\t\t\t\t\t\t\t\t\t<\/div>\n\t\t\t\t<\/div>\n\t\t\t\t\t<\/div>\n\t\t<\/div>\n\t\t\t\t\t\t\t<\/div>\n\t\t<\/section>\n\t\t\t\t<section class=\"elementor-section elementor-top-section elementor-element elementor-element-4d508867 elementor-section-boxed elementor-section-height-default elementor-section-height-default\" data-id=\"4d508867\" data-element_type=\"section\" data-settings=\"{&quot;background_background&quot;:&quot;classic&quot;}\">\n\t\t\t\t\t\t<div class=\"elementor-container elementor-column-gap-default\">\n\t\t\t\t\t<div class=\"elementor-column elementor-col-100 elementor-top-column elementor-element elementor-element-23c15583\" data-id=\"23c15583\" data-element_type=\"column\">\n\t\t\t<div class=\"elementor-widget-wrap elementor-element-populated\">\n\t\t\t\t\t\t\t\t<div class=\"elementor-element elementor-element-210573c6 elementor-widget elementor-widget-text-editor\" data-id=\"210573c6\" data-element_type=\"widget\" data-widget_type=\"text-editor.default\">\n\t\t\t\t<div class=\"elementor-widget-container\">\n\t\t\t\t\t\t\t<p>\u00a0<\/p><p>Retrouvez dans cette section les sujets des \u00e9valuations, des tests et des devoirs \u00e0 la maison de 6\u00e8me ainsi que les corrections.<\/p>\t\t\t\t\t\t<\/div>\n\t\t\t\t<\/div>\n\t\t\t\t\t<\/div>\n\t\t<\/div>\n\t\t\t\t\t\t\t<\/div>\n\t\t<\/section>\n\t\t\t\t<section class=\"elementor-section elementor-top-section elementor-element elementor-element-54292a6 elementor-section-boxed elementor-section-height-default elementor-section-height-default\" data-id=\"54292a6\" data-element_type=\"section\">\n\t\t\t\t\t\t<div class=\"elementor-container elementor-column-gap-default\">\n\t\t\t\t\t<div class=\"elementor-column elementor-col-100 elementor-top-column elementor-element elementor-element-025a5f3\" data-id=\"025a5f3\" data-element_type=\"column\">\n\t\t\t<div class=\"elementor-widget-wrap elementor-element-populated\">\n\t\t\t\t\t\t\t\t<div class=\"elementor-element elementor-element-0bcba39 elementor-widget elementor-widget-image\" data-id=\"0bcba39\" data-element_type=\"widget\" data-widget_type=\"image.default\">\n\t\t\t\t<div class=\"elementor-widget-container\">\n\t\t\t\t\t\t\t\t\t\t\t\t\t\t\t<img loading=\"lazy\" decoding=\"async\" width=\"300\" height=\"200\" src=\"https:\/\/college-willy-ronis.fr\/maths\/wp-content\/uploads\/2022\/02\/evaluation-et-dm-300x200.png\" class=\"attachment-medium size-medium wp-image-10653\" alt=\"\" srcset=\"https:\/\/college-willy-ronis.fr\/maths\/wp-content\/uploads\/2022\/02\/evaluation-et-dm-300x200.png 300w, https:\/\/college-willy-ronis.fr\/maths\/wp-content\/uploads\/2022\/02\/evaluation-et-dm-1024x683.png 1024w, https:\/\/college-willy-ronis.fr\/maths\/wp-content\/uploads\/2022\/02\/evaluation-et-dm-768x512.png 768w, https:\/\/college-willy-ronis.fr\/maths\/wp-content\/uploads\/2022\/02\/evaluation-et-dm.png 1368w\" sizes=\"auto, (max-width: 300px) 100vw, 300px\" \/>\t\t\t\t\t\t\t\t\t\t\t\t\t\t\t<\/div>\n\t\t\t\t<\/div>\n\t\t\t\t\t<\/div>\n\t\t<\/div>\n\t\t\t\t\t\t\t<\/div>\n\t\t<\/section>\n\t\t\t\t<section class=\"elementor-section elementor-top-section elementor-element elementor-element-8130ec9 elementor-section-boxed elementor-section-height-default elementor-section-height-default\" data-id=\"8130ec9\" data-element_type=\"section\">\n\t\t\t\t\t\t<div class=\"elementor-container elementor-column-gap-default\">\n\t\t\t\t\t<div class=\"elementor-column elementor-col-100 elementor-top-column elementor-element elementor-element-adcbf52\" data-id=\"adcbf52\" data-element_type=\"column\">\n\t\t\t<div class=\"elementor-widget-wrap elementor-element-populated\">\n\t\t\t\t\t\t\t\t<div class=\"elementor-element elementor-element-460a6c0 eael-simple-menu-hamburger-align-left eael-hamburger--none elementor-widget elementor-widget-eael-simple-menu\" data-id=\"460a6c0\" data-element_type=\"widget\" data-widget_type=\"eael-simple-menu.default\">\n\t\t\t\t<div class=\"elementor-widget-container\">\n\t\t\t            <div data-hamburger-icon=\"&lt;i aria-hidden=&quot;true&quot; class=&quot;fas fa-bars&quot;&gt;&lt;\/i&gt;\" data-indicator-icon=\"&lt;i aria-hidden=&quot;true&quot; class=&quot;fas fa-angle-down&quot;&gt;&lt;\/i&gt;\" data-dropdown-indicator-icon=\"&lt;i class=&quot;fas fa-angle-down&quot;&gt;&lt;\/i&gt;\" class=\"eael-simple-menu-container eael-simple-menu-align-center eael-simple-menu-dropdown-align-left preset-1\" data-hamburger-breakpoints=\"{&quot;mobile&quot;:&quot;Portrait mobile (&gt; 767px)&quot;,&quot;tablet&quot;:&quot;Tablette en mode portrait (&gt; 1024px)&quot;,&quot;desktop&quot;:&quot;Desktop (&gt; 2400px)&quot;,&quot;none&quot;:&quot;None&quot;}\" data-hamburger-device=\"none\">\n                <ul id=\"menu-evaluations-et-dm-de-6eme\" class=\"eael-simple-menu eael-simple-menu-dropdown-animate-to-top eael-simple-menu-indicator eael-simple-menu-vertical\"><li id=\"menu-item-8887\" class=\"menu-item menu-item-type-post_type menu-item-object-post menu-item-8887\"><a href=\"https:\/\/college-willy-ronis.fr\/maths\/test-de-6eme\/\" class=\"menu-link\">Tests<\/a><\/li>\n<li id=\"menu-item-8888\" class=\"menu-item menu-item-type-post_type menu-item-object-post menu-item-8888\"><a href=\"https:\/\/college-willy-ronis.fr\/maths\/devoirs-a-la-maison-6eme\/\" class=\"menu-link\">Devoirs \u00e0 la maison<\/a><\/li>\n<li id=\"menu-item-8886\" class=\"menu-item menu-item-type-post_type menu-item-object-post menu-item-8886\"><a href=\"https:\/\/college-willy-ronis.fr\/maths\/evaluations-de-6eme\/\" class=\"menu-link\">\u00c9valuations<\/a><\/li>\n<\/ul>                <button class=\"eael-simple-menu-toggle\">\n                    <span class=\"sr-only \">Hamburger Toggle Menu<\/span>\n                    <i aria-hidden=\"true\" class=\"fas fa-bars\"><\/i>                <\/button>\n            <\/div>\n            \t\t<\/div>\n\t\t\t\t<\/div>\n\t\t\t\t\t<\/div>\n\t\t<\/div>\n\t\t\t\t\t\t\t<\/div>\n\t\t<\/section>\n\t\t\t\t<section class=\"elementor-section elementor-top-section elementor-element elementor-element-d66528a elementor-section-boxed elementor-section-height-default elementor-section-height-default\" data-id=\"d66528a\" data-element_type=\"section\">\n\t\t\t\t\t\t<div class=\"elementor-container elementor-column-gap-default\">\n\t\t\t\t\t<div class=\"elementor-column elementor-col-100 elementor-top-column elementor-element elementor-element-6f94b6a\" data-id=\"6f94b6a\" data-element_type=\"column\">\n\t\t\t<div class=\"elementor-widget-wrap elementor-element-populated\">\n\t\t\t\t\t\t\t\t<div class=\"elementor-element elementor-element-eec51cb elementor-widget elementor-widget-spacer\" data-id=\"eec51cb\" data-element_type=\"widget\" data-widget_type=\"spacer.default\">\n\t\t\t\t<div class=\"elementor-widget-container\">\n\t\t\t\t\t<div class=\"elementor-spacer\">\n\t\t\t<div class=\"elementor-spacer-inner\"><\/div>\n\t\t<\/div>\n\t\t\t\t<\/div>\n\t\t\t\t<\/div>\n\t\t\t\t\t<\/div>\n\t\t<\/div>\n\t\t\t\t\t\t\t<\/div>\n\t\t<\/section>\n\t\t\t\t\t\t\t<\/div>\n\t\t","protected":false},"excerpt":{"rendered":"<p>6\u00e8me Evaluations et devoirs \u00e0 la maison \u00a0 Retrouvez dans cette section les sujets des \u00e9valuations, des tests et des devoirs \u00e0 la maison de 6\u00e8me ainsi que les corrections. Tests Devoirs \u00e0 la maison \u00c9valuations<\/p>\n","protected":false},"author":1,"featured_media":0,"parent":0,"menu_order":0,"comment_status":"closed","ping_status":"closed","template":"","meta":{"_monsterinsights_skip_tracking":false,"_monsterinsights_sitenote_active":false,"_monsterinsights_sitenote_note":"","_monsterinsights_sitenote_category":0,"site-sidebar-layout":"no-sidebar","site-content-layout":"page-builder","ast-site-content-layout":"","site-content-style":"default","site-sidebar-style":"default","ast-global-header-display":"","ast-banner-title-visibility":"","ast-main-header-display":"","ast-hfb-above-header-display":"","ast-hfb-below-header-display":"","ast-hfb-mobile-header-display":"","site-post-title":"disabled","ast-breadcrumbs-content":"","ast-featured-img":"disabled","footer-sml-layout":"","theme-transparent-header-meta":"enabled","adv-header-id-meta":"","stick-header-meta":"","header-above-stick-meta":"","header-main-stick-meta":"","header-below-stick-meta":"","astra-migrate-meta-layouts":"default","ast-page-background-enabled":"default","ast-page-background-meta":{"desktop":{"background-color":"","background-image":"","background-repeat":"repeat","background-position":"center center","background-size":"auto","background-attachment":"scroll","background-type":"","background-media":"","overlay-type":"","overlay-color":"","overlay-opacity":"","overlay-gradient":""},"tablet":{"background-color":"","background-image":"","background-repeat":"repeat","background-position":"center center","background-size":"auto","background-attachment":"scroll","background-type":"","background-media":"","overlay-type":"","overlay-color":"","overlay-opacity":"","overlay-gradient":""},"mobile":{"background-color":"","background-image":"","background-repeat":"repeat","background-position":"center center","background-size":"auto","background-attachment":"scroll","background-type":"","background-media":"","overlay-type":"","overlay-color":"","overlay-opacity":"","overlay-gradient":""}},"ast-content-background-meta":{"desktop":{"background-color":"var(--ast-global-color-5)","background-image":"","background-repeat":"repeat","background-position":"center center","background-size":"auto","background-attachment":"scroll","background-type":"","background-media":"","overlay-type":"","overlay-color":"","overlay-opacity":"","overlay-gradient":""},"tablet":{"background-color":"var(--ast-global-color-5)","background-image":"","background-repeat":"repeat","background-position":"center center","background-size":"auto","background-attachment":"scroll","background-type":"","background-media":"","overlay-type":"","overlay-color":"","overlay-opacity":"","overlay-gradient":""},"mobile":{"background-color":"var(--ast-global-color-5)","background-image":"","background-repeat":"repeat","background-position":"center center","background-size":"auto","background-attachment":"scroll","background-type":"","background-media":"","overlay-type":"","overlay-color":"","overlay-opacity":"","overlay-gradient":""}},"footnotes":""},"class_list":["post-8890","page","type-page","status-publish","hentry"],"yoast_head":"<!-- This site is optimized with the Yoast SEO plugin v24.2 - https:\/\/yoast.com\/wordpress\/plugins\/seo\/ -->\n<title>\u00c9valuations et DM de 6\u00e8me - Math\u00e9matiques au coll\u00e8ge Willy Ronis<\/title>\n<meta name=\"robots\" content=\"index, follow, max-snippet:-1, max-image-preview:large, max-video-preview:-1\" \/>\n<link rel=\"canonical\" href=\"https:\/\/college-willy-ronis.fr\/maths\/evaluations-et-dm-de-6eme-2\/\" \/>\n<meta property=\"og:locale\" content=\"fr_FR\" \/>\n<meta property=\"og:type\" content=\"article\" \/>\n<meta property=\"og:title\" content=\"\u00c9valuations et DM de 6\u00e8me - Math\u00e9matiques au coll\u00e8ge Willy Ronis\" \/>\n<meta property=\"og:description\" content=\"6\u00e8me Evaluations et devoirs \u00e0 la maison \u00a0 Retrouvez dans cette section les sujets des \u00e9valuations, des tests et des devoirs \u00e0 la maison de 6\u00e8me ainsi que les corrections. Tests Devoirs \u00e0 la maison \u00c9valuations\" \/>\n<meta property=\"og:url\" content=\"https:\/\/college-willy-ronis.fr\/maths\/evaluations-et-dm-de-6eme-2\/\" \/>\n<meta property=\"og:site_name\" content=\"Math\u00e9matiques au coll\u00e8ge Willy Ronis\" \/>\n<meta property=\"article:modified_time\" content=\"2024-05-30T19:52:12+00:00\" \/>\n<meta property=\"og:image\" content=\"https:\/\/college-willy-ronis.fr\/maths\/wp-content\/uploads\/2022\/02\/eleve-300x300.png\" \/>\n<meta name=\"twitter:card\" content=\"summary_large_image\" \/>\n<meta name=\"twitter:label1\" content=\"Dur\u00e9e de lecture estim\u00e9e\" \/>\n\t<meta name=\"twitter:data1\" content=\"1 minute\" \/>\n<script type=\"application\/ld+json\" class=\"yoast-schema-graph\">{\"@context\":\"https:\/\/schema.org\",\"@graph\":[{\"@type\":\"WebPage\",\"@id\":\"https:\/\/college-willy-ronis.fr\/maths\/evaluations-et-dm-de-6eme-2\/\",\"url\":\"https:\/\/college-willy-ronis.fr\/maths\/evaluations-et-dm-de-6eme-2\/\",\"name\":\"\u00c9valuations et DM de 6\u00e8me - Math\u00e9matiques au coll\u00e8ge Willy Ronis\",\"isPartOf\":{\"@id\":\"https:\/\/college-willy-ronis.fr\/maths\/#website\"},\"primaryImageOfPage\":{\"@id\":\"https:\/\/college-willy-ronis.fr\/maths\/evaluations-et-dm-de-6eme-2\/#primaryimage\"},\"image\":{\"@id\":\"https:\/\/college-willy-ronis.fr\/maths\/evaluations-et-dm-de-6eme-2\/#primaryimage\"},\"thumbnailUrl\":\"https:\/\/college-willy-ronis.fr\/maths\/wp-content\/uploads\/2022\/02\/eleve-300x300.png\",\"datePublished\":\"2020-10-25T12:49:47+00:00\",\"dateModified\":\"2024-05-30T19:52:12+00:00\",\"breadcrumb\":{\"@id\":\"https:\/\/college-willy-ronis.fr\/maths\/evaluations-et-dm-de-6eme-2\/#breadcrumb\"},\"inLanguage\":\"fr-FR\",\"potentialAction\":[{\"@type\":\"ReadAction\",\"target\":[\"https:\/\/college-willy-ronis.fr\/maths\/evaluations-et-dm-de-6eme-2\/\"]}]},{\"@type\":\"ImageObject\",\"inLanguage\":\"fr-FR\",\"@id\":\"https:\/\/college-willy-ronis.fr\/maths\/evaluations-et-dm-de-6eme-2\/#primaryimage\",\"url\":\"https:\/\/college-willy-ronis.fr\/maths\/wp-content\/uploads\/2022\/02\/eleve.png\",\"contentUrl\":\"https:\/\/college-willy-ronis.fr\/maths\/wp-content\/uploads\/2022\/02\/eleve.png\",\"width\":912,\"height\":912,\"caption\":\"cours de 6\u00e8me\"},{\"@type\":\"BreadcrumbList\",\"@id\":\"https:\/\/college-willy-ronis.fr\/maths\/evaluations-et-dm-de-6eme-2\/#breadcrumb\",\"itemListElement\":[{\"@type\":\"ListItem\",\"position\":1,\"name\":\"Accueil\",\"item\":\"https:\/\/college-willy-ronis.fr\/maths\/\"},{\"@type\":\"ListItem\",\"position\":2,\"name\":\"\u00c9valuations et DM de 6\u00e8me\"}]},{\"@type\":\"WebSite\",\"@id\":\"https:\/\/college-willy-ronis.fr\/maths\/#website\",\"url\":\"https:\/\/college-willy-ronis.fr\/maths\/\",\"name\":\"Math\u00e9matiques au coll\u00e8ge Willy Ronis\",\"description\":\"Cours et exercices corrig\u00e9s de math\u00e9matiques de la 6\u00e8me \u00e0 la 3\u00e8me, sujets de brevet, cartes mentales et activit\u00e9s.\",\"potentialAction\":[{\"@type\":\"SearchAction\",\"target\":{\"@type\":\"EntryPoint\",\"urlTemplate\":\"https:\/\/college-willy-ronis.fr\/maths\/?s={search_term_string}\"},\"query-input\":{\"@type\":\"PropertyValueSpecification\",\"valueRequired\":true,\"valueName\":\"search_term_string\"}}],\"inLanguage\":\"fr-FR\"}]}<\/script>\n<!-- \/ Yoast SEO plugin. -->","yoast_head_json":{"title":"\u00c9valuations et DM de 6\u00e8me - Math\u00e9matiques au coll\u00e8ge Willy Ronis","robots":{"index":"index","follow":"follow","max-snippet":"max-snippet:-1","max-image-preview":"max-image-preview:large","max-video-preview":"max-video-preview:-1"},"canonical":"https:\/\/college-willy-ronis.fr\/maths\/evaluations-et-dm-de-6eme-2\/","og_locale":"fr_FR","og_type":"article","og_title":"\u00c9valuations et DM de 6\u00e8me - Math\u00e9matiques au coll\u00e8ge Willy Ronis","og_description":"6\u00e8me Evaluations et devoirs \u00e0 la maison \u00a0 Retrouvez dans cette section les sujets des \u00e9valuations, des tests et des devoirs \u00e0 la maison de 6\u00e8me ainsi que les corrections. Tests Devoirs \u00e0 la maison \u00c9valuations","og_url":"https:\/\/college-willy-ronis.fr\/maths\/evaluations-et-dm-de-6eme-2\/","og_site_name":"Math\u00e9matiques au coll\u00e8ge Willy Ronis","article_modified_time":"2024-05-30T19:52:12+00:00","og_image":[{"url":"https:\/\/college-willy-ronis.fr\/maths\/wp-content\/uploads\/2022\/02\/eleve-300x300.png","type":"","width":"","height":""}],"twitter_card":"summary_large_image","twitter_misc":{"Dur\u00e9e de lecture estim\u00e9e":"1 minute"},"schema":{"@context":"https:\/\/schema.org","@graph":[{"@type":"WebPage","@id":"https:\/\/college-willy-ronis.fr\/maths\/evaluations-et-dm-de-6eme-2\/","url":"https:\/\/college-willy-ronis.fr\/maths\/evaluations-et-dm-de-6eme-2\/","name":"\u00c9valuations et DM de 6\u00e8me - Math\u00e9matiques au coll\u00e8ge Willy Ronis","isPartOf":{"@id":"https:\/\/college-willy-ronis.fr\/maths\/#website"},"primaryImageOfPage":{"@id":"https:\/\/college-willy-ronis.fr\/maths\/evaluations-et-dm-de-6eme-2\/#primaryimage"},"image":{"@id":"https:\/\/college-willy-ronis.fr\/maths\/evaluations-et-dm-de-6eme-2\/#primaryimage"},"thumbnailUrl":"https:\/\/college-willy-ronis.fr\/maths\/wp-content\/uploads\/2022\/02\/eleve-300x300.png","datePublished":"2020-10-25T12:49:47+00:00","dateModified":"2024-05-30T19:52:12+00:00","breadcrumb":{"@id":"https:\/\/college-willy-ronis.fr\/maths\/evaluations-et-dm-de-6eme-2\/#breadcrumb"},"inLanguage":"fr-FR","potentialAction":[{"@type":"ReadAction","target":["https:\/\/college-willy-ronis.fr\/maths\/evaluations-et-dm-de-6eme-2\/"]}]},{"@type":"ImageObject","inLanguage":"fr-FR","@id":"https:\/\/college-willy-ronis.fr\/maths\/evaluations-et-dm-de-6eme-2\/#primaryimage","url":"https:\/\/college-willy-ronis.fr\/maths\/wp-content\/uploads\/2022\/02\/eleve.png","contentUrl":"https:\/\/college-willy-ronis.fr\/maths\/wp-content\/uploads\/2022\/02\/eleve.png","width":912,"height":912,"caption":"cours de 6\u00e8me"},{"@type":"BreadcrumbList","@id":"https:\/\/college-willy-ronis.fr\/maths\/evaluations-et-dm-de-6eme-2\/#breadcrumb","itemListElement":[{"@type":"ListItem","position":1,"name":"Accueil","item":"https:\/\/college-willy-ronis.fr\/maths\/"},{"@type":"ListItem","position":2,"name":"\u00c9valuations et DM de 6\u00e8me"}]},{"@type":"WebSite","@id":"https:\/\/college-willy-ronis.fr\/maths\/#website","url":"https:\/\/college-willy-ronis.fr\/maths\/","name":"Math\u00e9matiques au coll\u00e8ge Willy Ronis","description":"Cours et exercices corrig\u00e9s de math\u00e9matiques de la 6\u00e8me \u00e0 la 3\u00e8me, sujets de brevet, cartes mentales et activit\u00e9s.","potentialAction":[{"@type":"SearchAction","target":{"@type":"EntryPoint","urlTemplate":"https:\/\/college-willy-ronis.fr\/maths\/?s={search_term_string}"},"query-input":{"@type":"PropertyValueSpecification","valueRequired":true,"valueName":"search_term_string"}}],"inLanguage":"fr-FR"}]}},"_links":{"self":[{"href":"https:\/\/college-willy-ronis.fr\/maths\/wp-json\/wp\/v2\/pages\/8890","targetHints":{"allow":["GET"]}}],"collection":[{"href":"https:\/\/college-willy-ronis.fr\/maths\/wp-json\/wp\/v2\/pages"}],"about":[{"href":"https:\/\/college-willy-ronis.fr\/maths\/wp-json\/wp\/v2\/types\/page"}],"author":[{"embeddable":true,"href":"https:\/\/college-willy-ronis.fr\/maths\/wp-json\/wp\/v2\/users\/1"}],"replies":[{"embeddable":true,"href":"https:\/\/college-willy-ronis.fr\/maths\/wp-json\/wp\/v2\/comments?post=8890"}],"version-history":[{"count":3,"href":"https:\/\/college-willy-ronis.fr\/maths\/wp-json\/wp\/v2\/pages\/8890\/revisions"}],"predecessor-version":[{"id":17392,"href":"https:\/\/college-willy-ronis.fr\/maths\/wp-json\/wp\/v2\/pages\/8890\/revisions\/17392"}],"wp:attachment":[{"href":"https:\/\/college-willy-ronis.fr\/maths\/wp-json\/wp\/v2\/media?parent=8890"}],"curies":[{"name":"wp","href":"https:\/\/api.w.org\/{rel}","templated":true}]}}